{"id":937,"date":"2024-04-10T11:29:19","date_gmt":"2024-04-10T14:29:19","guid":{"rendered":"https:\/\/fisicafis.com.br\/?page_id=937"},"modified":"2024-04-10T21:48:00","modified_gmt":"2024-04-11T00:48:00","slug":"consultoria","status":"publish","type":"page","link":"https:\/\/fisicafis.com.br\/index.php\/consultoria\/","title":{"rendered":"Consultoria"},"content":{"rendered":"\t\t<div data-elementor-type=\"wp-page\" data-elementor-id=\"937\" class=\"elementor elementor-937\">\n\t\t\t\t<div class=\"elementor-element elementor-element-221811e e-flex e-con-boxed wpr-particle-no wpr-jarallax-no wpr-parallax-no wpr-sticky-section-no e-con e-parent\" data-id=\"221811e\" data-element_type=\"container\">\n\t\t\t\t\t<div class=\"e-con-inner\">\n\t\t\t\t\t<\/div>\n\t\t\t\t<\/div>\n\t\t<div class=\"elementor-element elementor-element-ee46207 e-flex e-con-boxed wpr-particle-no wpr-jarallax-no wpr-parallax-no wpr-sticky-section-no e-con e-parent\" data-id=\"ee46207\" data-element_type=\"container\" data-settings=\"{&quot;background_background&quot;:&quot;classic&quot;}\">\n\t\t\t\t\t<div class=\"e-con-inner\">\n\t\t\t\t\t<\/div>\n\t\t\t\t<\/div>\n\t\t<div class=\"elementor-element elementor-element-78379a7 e-flex e-con-boxed wpr-particle-no wpr-jarallax-no wpr-parallax-no wpr-sticky-section-no e-con e-parent\" data-id=\"78379a7\" data-element_type=\"container\">\n\t\t\t\t\t<div class=\"e-con-inner\">\n\t\t\t\t<div class=\"elementor-element elementor-element-71b6a75 elementor-widget__width-inherit elementor-widget elementor-widget-heading\" data-id=\"71b6a75\" data-element_type=\"widget\" data-widget_type=\"heading.default\">\n\t\t\t\t<div class=\"elementor-widget-container\">\n\t\t\t\t\t<h2 class=\"elementor-heading-title elementor-size-default\">Vantagens do Servi\u00e7o:<\/h2>\t\t\t\t<\/div>\n\t\t\t\t<\/div>\n\t\t\t\t\t<\/div>\n\t\t\t\t<\/div>\n\t\t<div class=\"elementor-element elementor-element-22ec1bd e-flex e-con-boxed wpr-particle-no wpr-jarallax-no wpr-parallax-no wpr-sticky-section-no e-con e-parent\" data-id=\"22ec1bd\" data-element_type=\"container\">\n\t\t\t\t\t<div class=\"e-con-inner\">\n\t\t<div class=\"elementor-element elementor-element-c6325cd e-flex e-con-boxed wpr-particle-no wpr-jarallax-no wpr-parallax-no wpr-sticky-section-no e-con e-child\" data-id=\"c6325cd\" data-element_type=\"container\" data-settings=\"{&quot;background_background&quot;:&quot;classic&quot;}\">\n\t\t\t\t\t<div class=\"e-con-inner\">\n\t\t\t\t<div class=\"elementor-element elementor-element-24b9a58 elementor-widget-mobile__width-initial elementor-widget elementor-widget-text-editor\" data-id=\"24b9a58\" data-element_type=\"widget\" data-widget_type=\"text-editor.default\">\n\t\t\t\t<div class=\"elementor-widget-container\">\n\t\t\t\t\t\t\t\t\t<p style=\"text-align: center;\">A consultoria em f\u00edsica m\u00e9dica e radioterapia proporciona uma expertise especializada para otimizar processos, garantindo tratamentos seguros e eficazes para os pacientes.<\/p>\t\t\t\t\t\t\t\t<\/div>\n\t\t\t\t<\/div>\n\t\t\t\t\t<\/div>\n\t\t\t\t<\/div>\n\t\t\t\t\t<\/div>\n\t\t\t\t<\/div>\n\t\t<div class=\"elementor-element elementor-element-5774c36 e-flex e-con-boxed wpr-particle-no wpr-jarallax-no wpr-parallax-no wpr-sticky-section-no e-con e-parent\" data-id=\"5774c36\" data-element_type=\"container\">\n\t\t\t\t\t<div class=\"e-con-inner\">\n\t\t<div class=\"elementor-element elementor-element-19e79e1 e-flex e-con-boxed wpr-particle-no wpr-jarallax-no wpr-parallax-no wpr-sticky-section-no e-con e-child\" data-id=\"19e79e1\" data-element_type=\"container\" data-settings=\"{&quot;background_background&quot;:&quot;classic&quot;}\">\n\t\t\t\t\t<div class=\"e-con-inner\">\n\t\t<div class=\"elementor-element elementor-element-bbb73c0 e-grid e-con-boxed wpr-particle-no wpr-jarallax-no wpr-parallax-no wpr-sticky-section-no e-con e-child\" data-id=\"bbb73c0\" data-element_type=\"container\">\n\t\t\t\t\t<div class=\"e-con-inner\">\n\t\t\t\t<div class=\"elementor-element elementor-element-a0d93e0 elementor-view-default elementor-position-top elementor-mobile-position-top elementor-widget elementor-widget-icon-box\" data-id=\"a0d93e0\" data-element_type=\"widget\" data-widget_type=\"icon-box.default\">\n\t\t\t\t<div class=\"elementor-widget-container\">\n\t\t\t\t\t\t\t<div class=\"elementor-icon-box-wrapper\">\n\n\t\t\t\t\t\t<div class=\"elementor-icon-box-icon\">\n\t\t\t\t<a href=\"https:\/\/fisicafis.com.br\/index.php\/implementacao\/\" class=\"elementor-icon\" tabindex=\"-1\" aria-label=\"Otimiza\u00e7\u00e3o de Recursos\">\n\t\t\t\t<svg aria-hidden=\"true\" class=\"e-font-icon-svg e-fab-uncharted\" viewBox=\"0 0 448 512\" xmlns=\"http:\/\/www.w3.org\/2000\/svg\"><path d=\"M171.73,232.813A5.381,5.381,0,0,0,176.7,229.5,48.081,48.081,0,0,1,191.6,204.244c1.243-.828,1.657-2.484,1.657-4.141a4.22,4.22,0,0,0-2.071-3.312L74.429,128.473,148.958,85a9.941,9.941,0,0,0,4.968-8.281,9.108,9.108,0,0,0-4.968-8.281L126.6,55.6a9.748,9.748,0,0,0-9.523,0l-100.2,57.966a9.943,9.943,0,0,0-4.969,8.281V236.954a9.109,9.109,0,0,0,4.969,8.281L39.235,258.07a8.829,8.829,0,0,0,4.968,1.242,9.4,9.4,0,0,0,6.625-2.484,10.8,10.8,0,0,0,2.9-7.039V164.5L169.66,232.4A4.5,4.5,0,0,0,171.73,232.813ZM323.272,377.73a12.478,12.478,0,0,0-4.969,1.242l-74.528,43.062V287.882c0-2.9-2.9-5.8-6.211-4.555a53.036,53.036,0,0,1-28.984.414,4.86,4.86,0,0,0-6.21,4.555V421.619l-74.529-43.061a8.83,8.83,0,0,0-4.969-1.242,9.631,9.631,0,0,0-9.523,9.523v26.085a9.107,9.107,0,0,0,4.969,8.281l100.2,57.553A8.829,8.829,0,0,0,223.486,480a11.027,11.027,0,0,0,4.969-1.242l100.2-57.553a9.941,9.941,0,0,0,4.968-8.281V386.839C332.8,382.285,328.24,377.73,323.272,377.73ZM286.007,78a23,23,0,1,0-23-23A23,23,0,0,0,286.007,78Zm63.627-10.086a23,23,0,1,0,23,23A23,23,0,0,0,349.634,67.914ZM412.816,151.6a23,23,0,1,0-23-23A23,23,0,0,0,412.816,151.6Zm-63.182-9.2a23,23,0,1,0,23,23A23,23,0,0,0,349.634,142.4Zm-63.627,83.244a23,23,0,1,0-23-23A23,23,0,0,0,286.007,225.648Zm-62.074,36.358a23,23,0,1,0-23-23A23,23,0,0,0,223.933,262.006Zm188.883-82.358a23,23,0,1,0,23,23A23,23,0,0,0,412.816,179.648Zm0,72.272a23,23,0,1,0,23,23A23,23,0,0,0,412.816,251.92Z\"><\/path><\/svg>\t\t\t\t<\/a>\n\t\t\t<\/div>\n\t\t\t\n\t\t\t\t\t\t<div class=\"elementor-icon-box-content\">\n\n\t\t\t\t\t\t\t\t\t<h3 class=\"elementor-icon-box-title\">\n\t\t\t\t\t\t<a href=\"https:\/\/fisicafis.com.br\/index.php\/implementacao\/\" >\n\t\t\t\t\t\t\tOtimiza\u00e7\u00e3o de Recursos\t\t\t\t\t\t<\/a>\n\t\t\t\t\t<\/h3>\n\t\t\t\t\n\t\t\t\t\t\t\t\t\t<p class=\"elementor-icon-box-description\">\n\t\t\t\t\t\tOtimiza\u00e7\u00e3o mais eficiente de recursos, reduzindo custos e aumentando a rentabilidade da cl\u00ednica.\t\t\t\t\t<\/p>\n\t\t\t\t\n\t\t\t<\/div>\n\t\t\t\n\t\t<\/div>\n\t\t\t\t\t\t<\/div>\n\t\t\t\t<\/div>\n\t\t\t\t<div class=\"elementor-element elementor-element-f47b47d elementor-view-default elementor-position-top elementor-mobile-position-top elementor-widget elementor-widget-icon-box\" data-id=\"f47b47d\" data-element_type=\"widget\" data-widget_type=\"icon-box.default\">\n\t\t\t\t<div class=\"elementor-widget-container\">\n\t\t\t\t\t\t\t<div class=\"elementor-icon-box-wrapper\">\n\n\t\t\t\t\t\t<div class=\"elementor-icon-box-icon\">\n\t\t\t\t<a href=\"https:\/\/fisicafis.com.br\/index.php\/gestao-em-radioterapia\/\" class=\"elementor-icon\" tabindex=\"-1\" aria-label=\"Atualiza\u00e7\u00e3o Tecnol\u00f3gica\">\n\t\t\t\t<svg aria-hidden=\"true\" class=\"e-font-icon-svg e-fas-chalkboard-teacher\" viewBox=\"0 0 640 512\" xmlns=\"http:\/\/www.w3.org\/2000\/svg\"><path d=\"M208 352c-2.39 0-4.78.35-7.06 1.09C187.98 357.3 174.35 360 160 360c-14.35 0-27.98-2.7-40.95-6.91-2.28-.74-4.66-1.09-7.05-1.09C49.94 352-.33 402.48 0 464.62.14 490.88 21.73 512 48 512h224c26.27 0 47.86-21.12 48-47.38.33-62.14-49.94-112.62-112-112.62zm-48-32c53.02 0 96-42.98 96-96s-42.98-96-96-96-96 42.98-96 96 42.98 96 96 96zM592 0H208c-26.47 0-48 22.25-48 49.59V96c23.42 0 45.1 6.78 64 17.8V64h352v288h-64v-64H384v64h-76.24c19.1 16.69 33.12 38.73 39.69 64H592c26.47 0 48-22.25 48-49.59V49.59C640 22.25 618.47 0 592 0z\"><\/path><\/svg>\t\t\t\t<\/a>\n\t\t\t<\/div>\n\t\t\t\n\t\t\t\t\t\t<div class=\"elementor-icon-box-content\">\n\n\t\t\t\t\t\t\t\t\t<h3 class=\"elementor-icon-box-title\">\n\t\t\t\t\t\t<a href=\"https:\/\/fisicafis.com.br\/index.php\/gestao-em-radioterapia\/\" >\n\t\t\t\t\t\t\tAtualiza\u00e7\u00e3o Tecnol\u00f3gica\t\t\t\t\t\t<\/a>\n\t\t\t\t\t<\/h3>\n\t\t\t\t\n\t\t\t\t\t\t\t\t\t<p class=\"elementor-icon-box-description\">\n\t\t\t\t\t\tAtualiza\u00e7\u00f5es com as mais recentes tend\u00eancias e tecnologias em radioterapia, mantendo a competitividade no mercado da sa\u00fade.\t\t\t\t\t<\/p>\n\t\t\t\t\n\t\t\t<\/div>\n\t\t\t\n\t\t<\/div>\n\t\t\t\t\t\t<\/div>\n\t\t\t\t<\/div>\n\t\t\t\t<div class=\"elementor-element elementor-element-bcd7d3d elementor-view-default elementor-position-top elementor-mobile-position-top elementor-widget elementor-widget-icon-box\" data-id=\"bcd7d3d\" data-element_type=\"widget\" data-widget_type=\"icon-box.default\">\n\t\t\t\t<div class=\"elementor-widget-container\">\n\t\t\t\t\t\t\t<div class=\"elementor-icon-box-wrapper\">\n\n\t\t\t\t\t\t<div class=\"elementor-icon-box-icon\">\n\t\t\t\t<a href=\"https:\/\/fisicafis.com.br\/index.php\/comissionamento\/\" class=\"elementor-icon\" tabindex=\"-1\" aria-label=\"Melhoria da Qualidade \">\n\t\t\t\t<svg aria-hidden=\"true\" class=\"e-font-icon-svg e-fas-sort-amount-up\" viewBox=\"0 0 512 512\" xmlns=\"http:\/\/www.w3.org\/2000\/svg\"><path d=\"M304 416h-64a16 16 0 0 0-16 16v32a16 16 0 0 0 16 16h64a16 16 0 0 0 16-16v-32a16 16 0 0 0-16-16zM16 160h48v304a16 16 0 0 0 16 16h32a16 16 0 0 0 16-16V160h48c14.21 0 21.38-17.24 11.31-27.31l-80-96a16 16 0 0 0-22.62 0l-80 96C-5.35 142.74 1.77 160 16 160zm416 0H240a16 16 0 0 0-16 16v32a16 16 0 0 0 16 16h192a16 16 0 0 0 16-16v-32a16 16 0 0 0-16-16zm-64 128H240a16 16 0 0 0-16 16v32a16 16 0 0 0 16 16h128a16 16 0 0 0 16-16v-32a16 16 0 0 0-16-16zM496 32H240a16 16 0 0 0-16 16v32a16 16 0 0 0 16 16h256a16 16 0 0 0 16-16V48a16 16 0 0 0-16-16z\"><\/path><\/svg>\t\t\t\t<\/a>\n\t\t\t<\/div>\n\t\t\t\n\t\t\t\t\t\t<div class=\"elementor-icon-box-content\">\n\n\t\t\t\t\t\t\t\t\t<h3 class=\"elementor-icon-box-title\">\n\t\t\t\t\t\t<a href=\"https:\/\/fisicafis.com.br\/index.php\/comissionamento\/\" >\n\t\t\t\t\t\t\tMelhoria da Qualidade \t\t\t\t\t\t<\/a>\n\t\t\t\t\t<\/h3>\n\t\t\t\t\n\t\t\t\t\t\t\t\t\t<p class=\"elementor-icon-box-description\">\n\t\t\t\t\t\tA consultoria garante a entrega consistente de tratamentos de alta qualidade, aumentando a satisfa\u00e7\u00e3o do paciente.\n\n\n\n\t\t\t\t\t<\/p>\n\t\t\t\t\n\t\t\t<\/div>\n\t\t\t\n\t\t<\/div>\n\t\t\t\t\t\t<\/div>\n\t\t\t\t<\/div>\n\t\t\t\t\t<\/div>\n\t\t\t\t<\/div>\n\t\t\t\t\t<\/div>\n\t\t\t\t<\/div>\n\t\t\t\t\t<\/div>\n\t\t\t\t<\/div>\n\t\t<div class=\"elementor-element elementor-element-6ed3472 e-flex e-con-boxed wpr-particle-no wpr-jarallax-no wpr-parallax-no wpr-sticky-section-no e-con e-parent\" data-id=\"6ed3472\" data-element_type=\"container\">\n\t\t\t\t\t<div class=\"e-con-inner\">\n\t\t<div class=\"elementor-element elementor-element-bd6d221 e-flex e-con-boxed wpr-particle-no wpr-jarallax-no wpr-parallax-no wpr-sticky-section-no e-con e-child\" data-id=\"bd6d221\" data-element_type=\"container\">\n\t\t\t\t\t<div class=\"e-con-inner\">\n\t\t\t\t<div class=\"elementor-element elementor-element-073c4eb elementor-align-center elementor-invisible elementor-widget elementor-widget-button\" data-id=\"073c4eb\" data-element_type=\"widget\" data-settings=\"{&quot;_animation&quot;:&quot;bounceIn&quot;}\" data-widget_type=\"button.default\">\n\t\t\t\t<div class=\"elementor-widget-container\">\n\t\t\t\t\t\t\t\t\t<div class=\"elementor-button-wrapper\">\n\t\t\t\t\t<a class=\"elementor-button elementor-button-link elementor-size-sm\" href=\"https:\/\/api.whatsapp.com\/send?phone=5511963476130&#038;text=Ol%C3%A1,%20visitei%20seu%20site%20fis.com%20e%20gostaria%20de%20informa%C3%A7%C3%B5es%20sobre%20seus%20servi%C3%A7os%20em%20Radioterapia.\">\n\t\t\t\t\t\t<span class=\"elementor-button-content-wrapper\">\n\t\t\t\t\t\t\t\t\t<span class=\"elementor-button-text\">Contratar Servi\u00e7o<\/span>\n\t\t\t\t\t<\/span>\n\t\t\t\t\t<\/a>\n\t\t\t\t<\/div>\n\t\t\t\t\t\t\t\t<\/div>\n\t\t\t\t<\/div>\n\t\t\t\t\t<\/div>\n\t\t\t\t<\/div>\n\t\t\t\t\t<\/div>\n\t\t\t\t<\/div>\n\t\t\t\t<\/div>\n\t\t","protected":false},"excerpt":{"rendered":"<p>Vantagens do Servi\u00e7o: A consultoria em f\u00edsica m\u00e9dica e radioterapia proporciona uma expertise especializada para otimizar processos, garantindo tratamentos seguros e eficazes para os pacientes. Otimiza\u00e7\u00e3o de Recursos Otimiza\u00e7\u00e3o mais eficiente de recursos, reduzindo custos e aumentando a rentabilidade da cl\u00ednica. Atualiza\u00e7\u00e3o Tecnol\u00f3gica Atualiza\u00e7\u00f5es com as mais recentes tend\u00eancias e tecnologias em radioterapia, mantendo a competitividade no mercado da sa\u00fade. Melhoria da Qualidade A consultoria garante a entrega consistente de tratamentos de alta qualidade, aumentando a satisfa\u00e7\u00e3o do paciente. Contratar Servi\u00e7o<\/p>\n","protected":false},"author":1,"featured_media":0,"parent":0,"menu_order":0,"comment_status":"closed","ping_status":"closed","template":"","meta":{"footnotes":""},"class_list":["post-937","page","type-page","status-publish","hentry"],"_links":{"self":[{"href":"https:\/\/fisicafis.com.br\/index.php\/wp-json\/wp\/v2\/pages\/937","targetHints":{"allow":["GET"]}}],"collection":[{"href":"https:\/\/fisicafis.com.br\/index.php\/wp-json\/wp\/v2\/pages"}],"about":[{"href":"https:\/\/fisicafis.com.br\/index.php\/wp-json\/wp\/v2\/types\/page"}],"author":[{"embeddable":true,"href":"https:\/\/fisicafis.com.br\/index.php\/wp-json\/wp\/v2\/users\/1"}],"replies":[{"embeddable":true,"href":"https:\/\/fisicafis.com.br\/index.php\/wp-json\/wp\/v2\/comments?post=937"}],"version-history":[{"count":22,"href":"https:\/\/fisicafis.com.br\/index.php\/wp-json\/wp\/v2\/pages\/937\/revisions"}],"predecessor-version":[{"id":1218,"href":"https:\/\/fisicafis.com.br\/index.php\/wp-json\/wp\/v2\/pages\/937\/revisions\/1218"}],"wp:attachment":[{"href":"https:\/\/fisicafis.com.br\/index.php\/wp-json\/wp\/v2\/media?parent=937"}],"curies":[{"name":"wp","href":"https:\/\/api.w.org\/{rel}","templated":true}]}}