{"id":953,"date":"2024-04-10T13:13:11","date_gmt":"2024-04-10T16:13:11","guid":{"rendered":"https:\/\/fisicafis.com.br\/?page_id=953"},"modified":"2024-04-10T21:49:09","modified_gmt":"2024-04-11T00:49:09","slug":"comissionamento","status":"publish","type":"page","link":"https:\/\/fisicafis.com.br\/index.php\/comissionamento\/","title":{"rendered":"Comissionamento"},"content":{"rendered":"\t\t<div data-elementor-type=\"wp-page\" data-elementor-id=\"953\" class=\"elementor elementor-953\">\n\t\t\t\t<div class=\"elementor-element elementor-element-95e4e8a e-flex e-con-boxed wpr-particle-no wpr-jarallax-no wpr-parallax-no wpr-sticky-section-no e-con e-parent\" data-id=\"95e4e8a\" data-element_type=\"container\">\n\t\t\t\t\t<div class=\"e-con-inner\">\n\t\t<div class=\"elementor-element elementor-element-62f69e2 e-con-full e-flex wpr-particle-no wpr-jarallax-no wpr-parallax-no wpr-sticky-section-no e-con e-child\" data-id=\"62f69e2\" data-element_type=\"container\" data-settings=\"{&quot;background_background&quot;:&quot;classic&quot;}\">\n\t\t\t\t<\/div>\n\t\t\t\t\t<\/div>\n\t\t\t\t<\/div>\n\t\t<div class=\"elementor-element elementor-element-7b00ebb e-flex e-con-boxed wpr-particle-no wpr-jarallax-no wpr-parallax-no wpr-sticky-section-no e-con e-parent\" data-id=\"7b00ebb\" data-element_type=\"container\">\n\t\t\t\t\t<div class=\"e-con-inner\">\n\t\t<div class=\"elementor-element elementor-element-29d847f e-flex e-con-boxed wpr-particle-no wpr-jarallax-no wpr-parallax-no wpr-sticky-section-no e-con e-child\" data-id=\"29d847f\" data-element_type=\"container\">\n\t\t\t\t\t<div class=\"e-con-inner\">\n\t\t\t\t<div class=\"elementor-element elementor-element-f9d1f89 elementor-widget__width-inherit elementor-widget elementor-widget-heading\" data-id=\"f9d1f89\" data-element_type=\"widget\" data-widget_type=\"heading.default\">\n\t\t\t\t<div class=\"elementor-widget-container\">\n\t\t\t\t\t<h2 class=\"elementor-heading-title elementor-size-default\">Vantagens do Servi\u00e7o:<\/h2>\t\t\t\t<\/div>\n\t\t\t\t<\/div>\n\t\t\t\t\t<\/div>\n\t\t\t\t<\/div>\n\t\t\t\t\t<\/div>\n\t\t\t\t<\/div>\n\t\t<div class=\"elementor-element elementor-element-e959a27 e-flex e-con-boxed wpr-particle-no wpr-jarallax-no wpr-parallax-no wpr-sticky-section-no e-con e-parent\" data-id=\"e959a27\" data-element_type=\"container\" data-settings=\"{&quot;background_background&quot;:&quot;classic&quot;}\">\n\t\t\t\t\t<div class=\"e-con-inner\">\n\t\t\t\t<div class=\"elementor-element elementor-element-d4387e3 elementor-widget-mobile__width-initial elementor-widget elementor-widget-text-editor\" data-id=\"d4387e3\" data-element_type=\"widget\" data-widget_type=\"text-editor.default\">\n\t\t\t\t<div class=\"elementor-widget-container\">\n\t\t\t\t\t\t\t\t\t<p>O Comissionamento envolve a coleta de todos os dados dosim\u00e9tricos essenciais para alimentar o Sistema de Planejamento de Tratamento (TPS). Ao modelar e inserir esses dados no TPS, garante-se que o cliente possa utilizar o software de forma segura, assegurando uma distribui\u00e7\u00e3o precisa da dose calculada pelo Acelerador Linear.<\/p>\t\t\t\t\t\t\t\t<\/div>\n\t\t\t\t<\/div>\n\t\t\t\t\t<\/div>\n\t\t\t\t<\/div>\n\t\t<div class=\"elementor-element elementor-element-b7e3d4a e-flex e-con-boxed wpr-particle-no wpr-jarallax-no wpr-parallax-no wpr-sticky-section-no e-con e-parent\" data-id=\"b7e3d4a\" data-element_type=\"container\">\n\t\t\t\t\t<div class=\"e-con-inner\">\n\t\t<div class=\"elementor-element elementor-element-8825405 e-flex e-con-boxed wpr-particle-no wpr-jarallax-no wpr-parallax-no wpr-sticky-section-no e-con e-child\" data-id=\"8825405\" data-element_type=\"container\" data-settings=\"{&quot;background_background&quot;:&quot;classic&quot;}\">\n\t\t\t\t\t<div class=\"e-con-inner\">\n\t\t<div class=\"elementor-element elementor-element-cfa67e1 e-grid e-con-boxed wpr-particle-no wpr-jarallax-no wpr-parallax-no wpr-sticky-section-no e-con e-child\" data-id=\"cfa67e1\" data-element_type=\"container\">\n\t\t\t\t\t<div class=\"e-con-inner\">\n\t\t\t\t<div class=\"elementor-element elementor-element-1bac4ab elementor-view-default elementor-position-top elementor-mobile-position-top elementor-widget elementor-widget-icon-box\" data-id=\"1bac4ab\" data-element_type=\"widget\" data-widget_type=\"icon-box.default\">\n\t\t\t\t<div class=\"elementor-widget-container\">\n\t\t\t\t\t\t\t<div class=\"elementor-icon-box-wrapper\">\n\n\t\t\t\t\t\t<div class=\"elementor-icon-box-icon\">\n\t\t\t\t<a href=\"https:\/\/fisicafis.com.br\/index.php\/implementacao\/\" class=\"elementor-icon\" tabindex=\"-1\" aria-label=\"Precis\u00e3o Garantida\">\n\t\t\t\t<svg aria-hidden=\"true\" class=\"e-font-icon-svg e-fas-compress-arrows-alt\" viewBox=\"0 0 512 512\" xmlns=\"http:\/\/www.w3.org\/2000\/svg\"><path d=\"M200 288H88c-21.4 0-32.1 25.8-17 41l32.9 31-99.2 99.3c-6.2 6.2-6.2 16.4 0 22.6l25.4 25.4c6.2 6.2 16.4 6.2 22.6 0L152 408l31.1 33c15.1 15.1 40.9 4.4 40.9-17V312c0-13.3-10.7-24-24-24zm112-64h112c21.4 0 32.1-25.9 17-41l-33-31 99.3-99.3c6.2-6.2 6.2-16.4 0-22.6L481.9 4.7c-6.2-6.2-16.4-6.2-22.6 0L360 104l-31.1-33C313.8 55.9 288 66.6 288 88v112c0 13.3 10.7 24 24 24zm96 136l33-31.1c15.1-15.1 4.4-40.9-17-40.9H312c-13.3 0-24 10.7-24 24v112c0 21.4 25.9 32.1 41 17l31-32.9 99.3 99.3c6.2 6.2 16.4 6.2 22.6 0l25.4-25.4c6.2-6.2 6.2-16.4 0-22.6L408 360zM183 71.1L152 104 52.7 4.7c-6.2-6.2-16.4-6.2-22.6 0L4.7 30.1c-6.2 6.2-6.2 16.4 0 22.6L104 152l-33 31.1C55.9 198.2 66.6 224 88 224h112c13.3 0 24-10.7 24-24V88c0-21.3-25.9-32-41-16.9z\"><\/path><\/svg>\t\t\t\t<\/a>\n\t\t\t<\/div>\n\t\t\t\n\t\t\t\t\t\t<div class=\"elementor-icon-box-content\">\n\n\t\t\t\t\t\t\t\t\t<h3 class=\"elementor-icon-box-title\">\n\t\t\t\t\t\t<a href=\"https:\/\/fisicafis.com.br\/index.php\/implementacao\/\" >\n\t\t\t\t\t\t\tPrecis\u00e3o Garantida\t\t\t\t\t\t<\/a>\n\t\t\t\t\t<\/h3>\n\t\t\t\t\n\t\t\t\t\t\t\t\t\t<p class=\"elementor-icon-box-description\">\n\t\t\t\t\t\tGarantia que todos os dados dosim\u00e9tricos necess\u00e1rios sejam coletados e inseridos no Sistema de Planejamento de Tratamento (TPS) de forma precisa\t\t\t\t\t<\/p>\n\t\t\t\t\n\t\t\t<\/div>\n\t\t\t\n\t\t<\/div>\n\t\t\t\t\t\t<\/div>\n\t\t\t\t<\/div>\n\t\t\t\t<div class=\"elementor-element elementor-element-d98bfe1 elementor-view-default elementor-position-top elementor-mobile-position-top elementor-widget elementor-widget-icon-box\" data-id=\"d98bfe1\" data-element_type=\"widget\" data-widget_type=\"icon-box.default\">\n\t\t\t\t<div class=\"elementor-widget-container\">\n\t\t\t\t\t\t\t<div class=\"elementor-icon-box-wrapper\">\n\n\t\t\t\t\t\t<div class=\"elementor-icon-box-icon\">\n\t\t\t\t<a href=\"https:\/\/fisicafis.com.br\/index.php\/gestao-em-radioterapia\/\" class=\"elementor-icon\" tabindex=\"-1\" aria-label=\"Seguran\u00e7a do Paciente\">\n\t\t\t\t<svg aria-hidden=\"true\" class=\"e-font-icon-svg e-fas-user-shield\" viewBox=\"0 0 640 512\" xmlns=\"http:\/\/www.w3.org\/2000\/svg\"><path d=\"M622.3 271.1l-115.2-45c-4.1-1.6-12.6-3.7-22.2 0l-115.2 45c-10.7 4.2-17.7 14-17.7 24.9 0 111.6 68.7 188.8 132.9 213.9 9.6 3.7 18 1.6 22.2 0C558.4 489.9 640 420.5 640 296c0-10.9-7-20.7-17.7-24.9zM496 462.4V273.3l95.5 37.3c-5.6 87.1-60.9 135.4-95.5 151.8zM224 256c70.7 0 128-57.3 128-128S294.7 0 224 0 96 57.3 96 128s57.3 128 128 128zm96 40c0-2.5.8-4.8 1.1-7.2-2.5-.1-4.9-.8-7.5-.8h-16.7c-22.2 10.2-46.9 16-72.9 16s-50.6-5.8-72.9-16h-16.7C60.2 288 0 348.2 0 422.4V464c0 26.5 21.5 48 48 48h352c6.8 0 13.3-1.5 19.2-4-54-42.9-99.2-116.7-99.2-212z\"><\/path><\/svg>\t\t\t\t<\/a>\n\t\t\t<\/div>\n\t\t\t\n\t\t\t\t\t\t<div class=\"elementor-icon-box-content\">\n\n\t\t\t\t\t\t\t\t\t<h3 class=\"elementor-icon-box-title\">\n\t\t\t\t\t\t<a href=\"https:\/\/fisicafis.com.br\/index.php\/gestao-em-radioterapia\/\" >\n\t\t\t\t\t\t\tSeguran\u00e7a do Paciente\t\t\t\t\t\t<\/a>\n\t\t\t\t\t<\/h3>\n\t\t\t\t\n\t\t\t\t\t\t\t\t\t<p class=\"elementor-icon-box-description\">\n\t\t\t\t\t\tO comissionamento assegura que o software estar\u00e1 operando de maneira segura, pois os dados dosim\u00e9tricos foram verificados e validados, garantindo que a dose administrada durante o tratamento seja adequada e segura para o paciente.\t\t\t\t\t<\/p>\n\t\t\t\t\n\t\t\t<\/div>\n\t\t\t\n\t\t<\/div>\n\t\t\t\t\t\t<\/div>\n\t\t\t\t<\/div>\n\t\t\t\t<div class=\"elementor-element elementor-element-e129fc4 elementor-view-default elementor-position-top elementor-mobile-position-top elementor-widget elementor-widget-icon-box\" data-id=\"e129fc4\" data-element_type=\"widget\" data-widget_type=\"icon-box.default\">\n\t\t\t\t<div class=\"elementor-widget-container\">\n\t\t\t\t\t\t\t<div class=\"elementor-icon-box-wrapper\">\n\n\t\t\t\t\t\t<div class=\"elementor-icon-box-icon\">\n\t\t\t\t<a href=\"https:\/\/fisicafis.com.br\/index.php\/comissionamento\/\" class=\"elementor-icon\" tabindex=\"-1\" aria-label=\"Efici\u00eancia Operacional\">\n\t\t\t\t<svg aria-hidden=\"true\" class=\"e-font-icon-svg e-fas-sort-amount-up\" viewBox=\"0 0 512 512\" xmlns=\"http:\/\/www.w3.org\/2000\/svg\"><path d=\"M304 416h-64a16 16 0 0 0-16 16v32a16 16 0 0 0 16 16h64a16 16 0 0 0 16-16v-32a16 16 0 0 0-16-16zM16 160h48v304a16 16 0 0 0 16 16h32a16 16 0 0 0 16-16V160h48c14.21 0 21.38-17.24 11.31-27.31l-80-96a16 16 0 0 0-22.62 0l-80 96C-5.35 142.74 1.77 160 16 160zm416 0H240a16 16 0 0 0-16 16v32a16 16 0 0 0 16 16h192a16 16 0 0 0 16-16v-32a16 16 0 0 0-16-16zm-64 128H240a16 16 0 0 0-16 16v32a16 16 0 0 0 16 16h128a16 16 0 0 0 16-16v-32a16 16 0 0 0-16-16zM496 32H240a16 16 0 0 0-16 16v32a16 16 0 0 0 16 16h256a16 16 0 0 0 16-16V48a16 16 0 0 0-16-16z\"><\/path><\/svg>\t\t\t\t<\/a>\n\t\t\t<\/div>\n\t\t\t\n\t\t\t\t\t\t<div class=\"elementor-icon-box-content\">\n\n\t\t\t\t\t\t\t\t\t<h3 class=\"elementor-icon-box-title\">\n\t\t\t\t\t\t<a href=\"https:\/\/fisicafis.com.br\/index.php\/comissionamento\/\" >\n\t\t\t\t\t\t\tEfici\u00eancia Operacional\t\t\t\t\t\t<\/a>\n\t\t\t\t\t<\/h3>\n\t\t\t\t\n\t\t\t\t\t\t\t\t\t<p class=\"elementor-icon-box-description\">\n\t\t\t\t\t\tProcesso de configura\u00e7\u00e3o do TPS e do Acelerador Linear otimizado, resultando em uma opera\u00e7\u00e3o mais eficiente e reduzindo o tempo necess\u00e1rio para preparar os planos de tratamento, o que pode levar a uma melhor utiliza\u00e7\u00e3o dos recursos e uma entrega mais r\u00e1pida dos tratamentos aos pacientes.\n\n\n\n\n\t\t\t\t\t<\/p>\n\t\t\t\t\n\t\t\t<\/div>\n\t\t\t\n\t\t<\/div>\n\t\t\t\t\t\t<\/div>\n\t\t\t\t<\/div>\n\t\t\t\t\t<\/div>\n\t\t\t\t<\/div>\n\t\t\t\t\t<\/div>\n\t\t\t\t<\/div>\n\t\t\t\t\t<\/div>\n\t\t\t\t<\/div>\n\t\t<div class=\"elementor-element elementor-element-f44030d e-flex e-con-boxed wpr-particle-no wpr-jarallax-no wpr-parallax-no wpr-sticky-section-no e-con e-parent\" data-id=\"f44030d\" data-element_type=\"container\">\n\t\t\t\t\t<div class=\"e-con-inner\">\n\t\t\t\t<div class=\"elementor-element elementor-element-c16b9ff elementor-align-center elementor-invisible elementor-widget elementor-widget-button\" data-id=\"c16b9ff\" data-element_type=\"widget\" data-settings=\"{&quot;_animation&quot;:&quot;bounceIn&quot;}\" data-widget_type=\"button.default\">\n\t\t\t\t<div class=\"elementor-widget-container\">\n\t\t\t\t\t\t\t\t\t<div class=\"elementor-button-wrapper\">\n\t\t\t\t\t<a class=\"elementor-button elementor-button-link elementor-size-sm\" href=\"https:\/\/api.whatsapp.com\/send?phone=5511963476130&#038;text=Ol%C3%A1,%20visitei%20seu%20site%20fis.com%20e%20gostaria%20de%20informa%C3%A7%C3%B5es%20sobre%20seus%20servi%C3%A7os%20em%20Radioterapia.\">\n\t\t\t\t\t\t<span class=\"elementor-button-content-wrapper\">\n\t\t\t\t\t\t\t\t\t<span class=\"elementor-button-text\">Contratar Servi\u00e7o<\/span>\n\t\t\t\t\t<\/span>\n\t\t\t\t\t<\/a>\n\t\t\t\t<\/div>\n\t\t\t\t\t\t\t\t<\/div>\n\t\t\t\t<\/div>\n\t\t\t\t\t<\/div>\n\t\t\t\t<\/div>\n\t\t\t\t<\/div>\n\t\t","protected":false},"excerpt":{"rendered":"<p>Vantagens do Servi\u00e7o: O Comissionamento envolve a coleta de todos os dados dosim\u00e9tricos essenciais para alimentar o Sistema de Planejamento de Tratamento (TPS). Ao modelar e inserir esses dados no TPS, garante-se que o cliente possa utilizar o software de forma segura, assegurando uma distribui\u00e7\u00e3o precisa da dose calculada pelo Acelerador Linear. Precis\u00e3o Garantida Garantia que todos os dados dosim\u00e9tricos necess\u00e1rios sejam coletados e inseridos no Sistema de Planejamento de Tratamento (TPS) de forma precisa Seguran\u00e7a do Paciente O comissionamento assegura que o software estar\u00e1 operando de maneira segura, pois os dados dosim\u00e9tricos foram verificados e validados, garantindo que a dose administrada durante o tratamento seja adequada e segura para o paciente. Efici\u00eancia Operacional Processo de configura\u00e7\u00e3o do TPS e do Acelerador Linear otimizado, resultando em uma opera\u00e7\u00e3o mais eficiente e reduzindo o tempo necess\u00e1rio para preparar os planos de tratamento, o que pode levar a uma melhor utiliza\u00e7\u00e3o dos recursos e uma entrega mais r\u00e1pida dos tratamentos aos pacientes. Contratar Servi\u00e7o<\/p>\n","protected":false},"author":1,"featured_media":0,"parent":0,"menu_order":0,"comment_status":"closed","ping_status":"closed","template":"","meta":{"footnotes":""},"class_list":["post-953","page","type-page","status-publish","hentry"],"_links":{"self":[{"href":"https:\/\/fisicafis.com.br\/index.php\/wp-json\/wp\/v2\/pages\/953","targetHints":{"allow":["GET"]}}],"collection":[{"href":"https:\/\/fisicafis.com.br\/index.php\/wp-json\/wp\/v2\/pages"}],"about":[{"href":"https:\/\/fisicafis.com.br\/index.php\/wp-json\/wp\/v2\/types\/page"}],"author":[{"embeddable":true,"href":"https:\/\/fisicafis.com.br\/index.php\/wp-json\/wp\/v2\/users\/1"}],"replies":[{"embeddable":true,"href":"https:\/\/fisicafis.com.br\/index.php\/wp-json\/wp\/v2\/comments?post=953"}],"version-history":[{"count":34,"href":"https:\/\/fisicafis.com.br\/index.php\/wp-json\/wp\/v2\/pages\/953\/revisions"}],"predecessor-version":[{"id":1230,"href":"https:\/\/fisicafis.com.br\/index.php\/wp-json\/wp\/v2\/pages\/953\/revisions\/1230"}],"wp:attachment":[{"href":"https:\/\/fisicafis.com.br\/index.php\/wp-json\/wp\/v2\/media?parent=953"}],"curies":[{"name":"wp","href":"https:\/\/api.w.org\/{rel}","templated":true}]}}